{"id":104,"date":"2015-09-23T19:40:12","date_gmt":"2015-09-23T18:40:12","guid":{"rendered":"http:\/\/127.0.0.1\/wordpress\/?page_id=14"},"modified":"2018-06-11T17:18:39","modified_gmt":"2018-06-11T16:18:39","slug":"videos","status":"publish","type":"page","link":"http:\/\/magnasco.canesso.com\/it\/videos\/","title":{"rendered":"Video"},"content":{"rendered":"In occasione della mostra <em>Alessandro Magnasco (1667-1749). Gli anni della maturit\u00e0 di un pittore anticonformista<\/em>, concepita in partenariato con i Musei di Strada Nuova di Genova, la Galerie Canesso ha invitato alcune personalit\u00e0 del mondo dell&#8217;arte ad esplorare l&#8217;opera di Magnasco e la sua influenza, in una serie di video che mettono in luce l&#8217;originalit\u00e0 e la modernit\u00e0 di questo artista.\r\nQuesta iniziativa permette di gettare uno sguardo nuovo sulla sua opera, ma anche di avere un approccio pi\u00f9 intimista.\r\n\r\nDelle personalit\u00e0 di fama internazionale come Marc Fumaroli dell&#8217;Acad\u00e9mie fran\u00e7aise, Jean-Marc Bustamante, direttore dell&#8217;\u00c9cole nationale des Beaux-Arts di Parigi, Sandra Mulliez, fondatrice di SAM Art Projects e l&#8217;artista spagnolo Miquel Barcel\u00f3 ci rivelano ognuno la propria interpretazione personale dell&#8217;opera di Magnasco, mettendone in rilievo tutta la ricchezza e la diversit\u00e0.\r\n<div class=\"video\"><iframe loading=\"lazy\" src=\"https:\/\/player.vimeo.com\/video\/274517619\" width=\"500\" height=\"281\" frameborder=\"0\" allowfullscreen=\"allowfullscreen\"><\/iframe>Alessandro Magnasco visto da Miquel Barcel\u00f3, Artista\r\n\r\n<\/div>\r\n<div class=\"video\"><iframe loading=\"lazy\" src=\"https:\/\/player.vimeo.com\/video\/274521056\" width=\"500\" height=\"281\" frameborder=\"0\" allowfullscreen=\"allowfullscreen\"><\/iframe>Alessandro Magnasco visto da Marc Fumaroli dell&#8217;Acad\u00e9mie fran\u00e7aise, Professore onorario al Coll\u00e8ge de France\r\n\r\n<\/div>\r\n<div class=\"video\"><iframe loading=\"lazy\" src=\"https:\/\/player.vimeo.com\/video\/274523454\" width=\"500\" height=\"281\" frameborder=\"0\" allowfullscreen=\"allowfullscreen\"><\/iframe>Alessandro Magnasco visto da Sandra Mulliez, Fondatrice di SAM Art Projects\r\n\r\n<\/div>\r\n<div class=\"video\"><iframe loading=\"lazy\" src=\"https:\/\/player.vimeo.com\/video\/274519699\" width=\"500\" height=\"281\" frameborder=\"0\" allowfullscreen=\"allowfullscreen\"><\/iframe>Alessandro Magnasco visto da Jean-Marc Bustamante, Artista e Direttore dell&#8217;\u00c9cole nationale des Beaux-Arts di Parigi\r\n\r\n<\/div>","protected":false},"excerpt":{"rendered":"In occasione della mostra Alessandro Magnasco (1667-1749). Gli anni della maturit\u00e0 di un pittore anticonformista, concepita in partenariato con i Musei di Strada Nuova di Genova, la Galerie Canesso ha invitato alcune personalit\u00e0 del mondo dell&#8217;arte ad esplorare l&#8217;opera di Magnasco e la sua influenza, in una serie di video che mettono in luce l&#8217;originalit\u00e0 e la modernit\u00e0 di questo artista. Questa iniziativa permette di gettare uno sguardo nuovo sulla sua opera, ma anche di avere un approccio pi\u00f9 intimista. Delle personalit\u00e0 di fama internazionale come Marc Fumaroli dell&#8217;Acad\u00e9mie fran\u00e7aise, Jean-Marc Bustamante, direttore dell&#8217;\u00c9cole nationale des Beaux-Arts di Parigi, Sandra [&hellip;]","protected":false},"author":1,"featured_media":0,"parent":0,"menu_order":2,"comment_status":"closed","ping_status":"closed","template":"","meta":{"footnotes":""},"class_list":["post-104","page","type-page","status-publish","hentry"],"_links":{"self":[{"href":"http:\/\/magnasco.canesso.com\/it\/wp-json\/wp\/v2\/pages\/104","targetHints":{"allow":["GET"]}}],"collection":[{"href":"http:\/\/magnasco.canesso.com\/it\/wp-json\/wp\/v2\/pages"}],"about":[{"href":"http:\/\/magnasco.canesso.com\/it\/wp-json\/wp\/v2\/types\/page"}],"author":[{"embeddable":true,"href":"http:\/\/magnasco.canesso.com\/it\/wp-json\/wp\/v2\/users\/1"}],"replies":[{"embeddable":true,"href":"http:\/\/magnasco.canesso.com\/it\/wp-json\/wp\/v2\/comments?post=104"}],"version-history":[{"count":12,"href":"http:\/\/magnasco.canesso.com\/it\/wp-json\/wp\/v2\/pages\/104\/revisions"}],"predecessor-version":[{"id":552,"href":"http:\/\/magnasco.canesso.com\/it\/wp-json\/wp\/v2\/pages\/104\/revisions\/552"}],"wp:attachment":[{"href":"http:\/\/magnasco.canesso.com\/it\/wp-json\/wp\/v2\/media?parent=104"}],"curies":[{"name":"wp","href":"https:\/\/api.w.org\/{rel}","templated":true}]}}