{"id":220,"date":"2015-10-19T21:47:03","date_gmt":"2015-10-19T20:47:03","guid":{"rendered":"http:\/\/magnasco.canesso.com\/it\/?page_id=220"},"modified":"2015-11-13T17:44:46","modified_gmt":"2015-11-13T16:44:46","slug":"eventi","status":"publish","type":"page","link":"http:\/\/magnasco.canesso.com\/it\/a-propos\/eventi\/","title":{"rendered":"Eventi"},"content":{"rendered":"<p style=\"text-align:center\"><strong><u>Tavola rotonda, mercoled\u00ec 25 novembre, ore 19:00<\/u><\/strong><br>\r\nIstituto Italiano di Cultura &#8211; 73, rue de Grenelle, 75007 Paris<br><br><br>\r\n<em> \r\nAlessandro Magnasco (1667-1749). Gli anni della maturit\u00e0 di un pittore anticonformista.\r\n<\/em><br><br>\r\nMostra a Parigi, Galerie Canesso \u2013 dal 25 novembre 2015 al 31 gennaio 2016<br>\r\nA Genova, Musei di Strada Nuova, Palazzo Bianco \u2013 dal 25 febbraio al 5 giugno 2016 <\/p>\r\n<br>\r\n<p> Maurizio Canesso, presidente della Galerie Canesso, con il partenariato di Piero Boccardo, direttore dei Musei di Strada Nuova di Genova, ha organizzato una mostra sugli anni della maturit\u00e0 di Alessandro Magnasco (1667-1749). In occasione di questa mostra, si riuniranno in una tavola rotonda Pierre Rosenberg dell\u2019Acad\u00e9mie fran\u00e7aise, presidente onorario del mus\u00e9e du Louvre, Fausta Franchini Guelfi dell\u2019universit\u00e0 di Genova, la pi\u00f9 eminente autorit\u00e0 scientifica su questo pittore anticonformista del Settecento, Piero Boccardo, direttore dei Musei di Strada Nuova, St\u00e9phane Loire, conservateur en chef au d\u00e9partement des Peintures du Mus\u00e9e du Louvre, Maurizio Canesso e V\u00e9ronique Damian, storica dell\u2019arte alla Galerie Canesso.<\/p>\r\n\r\n<p> In questa sede, si presenter\u00e0 la mostra e si delineer\u00e0 lo stato dell\u2019arte su questo artista originale, il cui stile preannuncia l\u2019arte di Guardi e dei veneziani del Settecento. Riscoperto all\u2019inizio del XX secolo, \u00e8 considerato come un precursore di Goya e degli espressionisti e come uno dei padri del fantastico e del macabro.<\/p>\r\n\r\n<p class=\"page-2-img\">\r\n<img loading=\"lazy\" decoding=\"async\" src=\"http:\/\/magnasco.canesso.com\/it\/wp-content\/uploads\/sites\/3\/2015\/11\/La-lecon-de-chant-a-la-pie-803x1024.jpg\" alt=\"La lecon de chant a la pie\" width=\"803\" height=\"1024\" class=\"alignnone size-large wp-image-321\" srcset=\"http:\/\/magnasco.canesso.com\/it\/wp-content\/uploads\/sites\/3\/2015\/11\/La-lecon-de-chant-a-la-pie-803x1024.jpg 803w, http:\/\/magnasco.canesso.com\/it\/wp-content\/uploads\/sites\/3\/2015\/11\/La-lecon-de-chant-a-la-pie-235x300.jpg 235w, http:\/\/magnasco.canesso.com\/it\/wp-content\/uploads\/sites\/3\/2015\/11\/La-lecon-de-chant-a-la-pie.jpg 1400w\" sizes=\"auto, (max-width: 803px) 100vw, 803px\" \/>Alessandro Magnasco, <em>La Lezione di canto alla gazza<\/em>, collezione privata \u00a9 Elena Datrino<\/p>\r\n<p class=\"page-2-img\"><img decoding=\"async\" class=\"\" src=\"http:\/\/magnasco.canesso.com\/wp-content\/uploads\/550\/Le chocolat.jpg\" alt=\"\" \/>Alessandro Magnasco, <em>La Cioccolata<\/em>, collezione privata \u00a9 Fausta Franchini Guelfi<\/p>","protected":false},"excerpt":{"rendered":"Tavola rotonda, mercoled\u00ec 25 novembre, ore 19:00 Istituto Italiano di Cultura &#8211; 73, rue de Grenelle, 75007 Paris Alessandro Magnasco (1667-1749). Gli anni della maturit\u00e0 di un pittore anticonformista. Mostra a Parigi, Galerie Canesso \u2013 dal 25 novembre 2015 al 31 gennaio 2016 A Genova, Musei di Strada Nuova, Palazzo Bianco \u2013 dal 25 febbraio al 5 giugno 2016 Maurizio Canesso, presidente della Galerie Canesso, con il partenariato di Piero Boccardo, direttore dei Musei di Strada Nuova di Genova, ha organizzato una mostra sugli anni della maturit\u00e0 di Alessandro Magnasco (1667-1749). In occasione di questa mostra, si riuniranno in una [&hellip;]","protected":false},"author":1,"featured_media":0,"parent":6,"menu_order":0,"comment_status":"closed","ping_status":"closed","template":"","meta":{"footnotes":""},"class_list":["post-220","page","type-page","status-publish","hentry"],"_links":{"self":[{"href":"http:\/\/magnasco.canesso.com\/it\/wp-json\/wp\/v2\/pages\/220","targetHints":{"allow":["GET"]}}],"collection":[{"href":"http:\/\/magnasco.canesso.com\/it\/wp-json\/wp\/v2\/pages"}],"about":[{"href":"http:\/\/magnasco.canesso.com\/it\/wp-json\/wp\/v2\/types\/page"}],"author":[{"embeddable":true,"href":"http:\/\/magnasco.canesso.com\/it\/wp-json\/wp\/v2\/users\/1"}],"replies":[{"embeddable":true,"href":"http:\/\/magnasco.canesso.com\/it\/wp-json\/wp\/v2\/comments?post=220"}],"version-history":[{"count":5,"href":"http:\/\/magnasco.canesso.com\/it\/wp-json\/wp\/v2\/pages\/220\/revisions"}],"predecessor-version":[{"id":439,"href":"http:\/\/magnasco.canesso.com\/it\/wp-json\/wp\/v2\/pages\/220\/revisions\/439"}],"up":[{"embeddable":true,"href":"http:\/\/magnasco.canesso.com\/it\/wp-json\/wp\/v2\/pages\/6"}],"wp:attachment":[{"href":"http:\/\/magnasco.canesso.com\/it\/wp-json\/wp\/v2\/media?parent=220"}],"curies":[{"name":"wp","href":"https:\/\/api.w.org\/{rel}","templated":true}]}}